{"id":473,"date":"2024-03-22T18:29:07","date_gmt":"2024-03-22T18:29:07","guid":{"rendered":"https:\/\/district23.ca\/politique-de-confidentialite\/"},"modified":"2024-03-22T18:39:04","modified_gmt":"2024-03-22T18:39:04","slug":"privacy-policy","status":"publish","type":"page","link":"https:\/\/district23.ca\/en\/privacy-policy\/","title":{"rendered":"Privacy Policy"},"content":{"rendered":"\t\t<div data-elementor-type=\"wp-page\" data-elementor-id=\"473\" class=\"elementor elementor-473 elementor-471\">\n\t\t\t\t\t\t<section class=\"elementor-section elementor-top-section elementor-element elementor-element-f8168c0 elementor-section-stretched elementor-section-boxed elementor-section-height-default elementor-section-height-default\" data-id=\"f8168c0\" data-element_type=\"section\" data-settings=\"{&quot;stretch_section&quot;:&quot;section-stretched&quot;,&quot;background_background&quot;:&quot;classic&quot;}\">\n\t\t\t\t\t\t\t<div class=\"elementor-background-overlay\"><\/div>\n\t\t\t\t\t\t\t<div class=\"elementor-container elementor-column-gap-default\">\n\t\t\t\t\t<div class=\"elementor-column elementor-col-100 elementor-top-column elementor-element elementor-element-6a47d42 height-mobile\" data-id=\"6a47d42\" data-element_type=\"column\" data-settings=\"{&quot;background_background&quot;:&quot;classic&quot;}\">\n\t\t\t<div class=\"elementor-widget-wrap elementor-element-populated\">\n\t\t\t\t\t\t<div class=\"elementor-element elementor-element-bc1a070 elementor-widget elementor-widget-spacer\" data-id=\"bc1a070\" data-element_type=\"widget\" data-widget_type=\"spacer.default\">\n\t\t\t\t<div class=\"elementor-widget-container\">\n\t\t\t<style>\/*! elementor - v3.19.0 - 29-01-2024 *\/\n.elementor-column .elementor-spacer-inner{height:var(--spacer-size)}.e-con{--container-widget-width:100%}.e-con-inner>.elementor-widget-spacer,.e-con>.elementor-widget-spacer{width:var(--container-widget-width,var(--spacer-size));--align-self:var(--container-widget-align-self,initial);--flex-shrink:0}.e-con-inner>.elementor-widget-spacer>.elementor-widget-container,.e-con>.elementor-widget-spacer>.elementor-widget-container{height:100%;width:100%}.e-con-inner>.elementor-widget-spacer>.elementor-widget-container>.elementor-spacer,.e-con>.elementor-widget-spacer>.elementor-widget-container>.elementor-spacer{height:100%}.e-con-inner>.elementor-widget-spacer>.elementor-widget-container>.elementor-spacer>.elementor-spacer-inner,.e-con>.elementor-widget-spacer>.elementor-widget-container>.elementor-spacer>.elementor-spacer-inner{height:var(--container-widget-height,var(--spacer-size))}.e-con-inner>.elementor-widget-spacer.elementor-widget-empty,.e-con>.elementor-widget-spacer.elementor-widget-empty{position:relative;min-height:22px;min-width:22px}.e-con-inner>.elementor-widget-spacer.elementor-widget-empty .elementor-widget-empty-icon,.e-con>.elementor-widget-spacer.elementor-widget-empty .elementor-widget-empty-icon{position:absolute;top:0;bottom:0;left:0;right:0;margin:auto;padding:0;width:22px;height:22px}<\/style>\t\t<div class=\"elementor-spacer\">\n\t\t\t<div class=\"elementor-spacer-inner\"><\/div>\n\t\t<\/div>\n\t\t\t\t<\/div>\n\t\t\t\t<\/div>\n\t\t\t\t<div class=\"elementor-element elementor-element-c00f636 elementor-widget elementor-widget-heading\" data-id=\"c00f636\" data-element_type=\"widget\" data-widget_type=\"heading.default\">\n\t\t\t\t<div class=\"elementor-widget-container\">\n\t\t\t<style>\/*! elementor - v3.19.0 - 29-01-2024 *\/\n.elementor-heading-title{padding:0;margin:0;line-height:1}.elementor-widget-heading .elementor-heading-title[class*=elementor-size-]>a{color:inherit;font-size:inherit;line-height:inherit}.elementor-widget-heading .elementor-heading-title.elementor-size-small{font-size:15px}.elementor-widget-heading .elementor-heading-title.elementor-size-medium{font-size:19px}.elementor-widget-heading .elementor-heading-title.elementor-size-large{font-size:29px}.elementor-widget-heading .elementor-heading-title.elementor-size-xl{font-size:39px}.elementor-widget-heading .elementor-heading-title.elementor-size-xxl{font-size:59px}<\/style><h2 class=\"elementor-heading-title elementor-size-default\">Privacy Policy<\/h2>\t\t<\/div>\n\t\t\t\t<\/div>\n\t\t\t\t\t<\/div>\n\t\t<\/div>\n\t\t\t\t\t<\/div>\n\t\t<\/section>\n\t\t\t\t<section class=\"elementor-section elementor-top-section elementor-element elementor-element-71e93e4 elementor-section-content-middle elementor-section-stretched elementor-section-boxed elementor-section-height-default elementor-section-height-default\" data-id=\"71e93e4\" data-element_type=\"section\" data-settings=\"{&quot;stretch_section&quot;:&quot;section-stretched&quot;}\">\n\t\t\t\t\t\t<div class=\"elementor-container elementor-column-gap-default\">\n\t\t\t\t\t<div class=\"elementor-column elementor-col-100 elementor-top-column elementor-element elementor-element-6ed9d74\" data-id=\"6ed9d74\" data-element_type=\"column\">\n\t\t\t<div class=\"elementor-widget-wrap elementor-element-populated\">\n\t\t\t\t\t\t<div class=\"elementor-element elementor-element-02a8777 elementor-widget elementor-widget-text-editor\" data-id=\"02a8777\" data-element_type=\"widget\" data-widget_type=\"text-editor.default\">\n\t\t\t\t<div class=\"elementor-widget-container\">\n\t\t\t<style>\/*! elementor - v3.19.0 - 29-01-2024 *\/\n.elementor-widget-text-editor.elementor-drop-cap-view-stacked .elementor-drop-cap{background-color:#69727d;color:#fff}.elementor-widget-text-editor.elementor-drop-cap-view-framed .elementor-drop-cap{color:#69727d;border:3px solid;background-color:transparent}.elementor-widget-text-editor:not(.elementor-drop-cap-view-default) .elementor-drop-cap{margin-top:8px}.elementor-widget-text-editor:not(.elementor-drop-cap-view-default) .elementor-drop-cap-letter{width:1em;height:1em}.elementor-widget-text-editor .elementor-drop-cap{float:left;text-align:center;line-height:1;font-size:50px}.elementor-widget-text-editor .elementor-drop-cap-letter{display:inline-block}<\/style>\t\t\t\t<h2><strong>WEBSITE TERMS OF USE AND PRIVACY POLICY<\/strong><\/h2><p>Access to and use of this website are subject to all laws and regulations in force in Quebec. Unless otherwise indicated, the products, activities and services described on this site are only offered in the province of Quebec, unless otherwise indicated.<\/p><h2><strong>WEBSITE USE<\/strong><\/h2><p>Your use of this website is subject to the following terms and all applicable laws. By accessing and navigating this website, you agree to these terms.<\/p><h2><strong>TRADEMARKS, CONTENT, AND COPYRIGHT<\/strong><\/h2><p>This website is the property of EMD-BATIMO. The trademarks, logos, texts, graphic illustrations, photographs, and images on this site are, and remain at all times, the exclusive property of EMD-BATIMO, unless otherwise indicated in the text. They may not be used, resold, reproduced, copied, modified, published, or distributed, in whole or in part, as applicable, without the formal and written consent of EMD-BATIMO.<\/p><h2><strong>LIMITATION OF LIABILITY<\/strong><\/h2><p>The website may contain links to other websites, and other sites may link to ours. EMD-BATIMO cannot be held responsible for the content of these sites and the consequences of their use, whether direct or indirect.<\/p><h2><strong>COLLECTION AND USE OF PERSONAL INFORMATION<\/strong><\/h2><p>Stored information includes personal data, usage data, and data collected through forms and interactivity. Personal data may include name, contact information such as email address, phone number, postal address, language communication preferences, and may be collected directly or through a third party with the individual&#8217;s consent.<\/p><p>We also use cookies on this website related to browsing activity. A cookie is a data file that websites typically write to your hard drive when you visit them. A cookie contains information that can identify you each time you visit this site. The data is encrypted to enhance your security. This site may use cookies to measure activity and browsing habits on the site to continuously improve your experience. EMD-BATIMO may use cookies to make your visits to this site more efficient and convenient for you.<\/p><p>The data is used for sending information and promotional offers, managing comments and correspondence, and improving service and hospitality. Technical data is used to administer and optimize the website, ensure security, and guide marketing strategy. Aggregate statistical data, which is not personally identifiable, may also be created from this data. We commit to keeping your data confidential and not using it for any purpose other than outlined in this policy, unless we seek your consent.<\/p><p>If you have questions about the protection of your data, contact our privacy protection officer:<\/p><p><strong>Company:<\/strong> GROUPE EMD-BATIMO INC<\/p><p><strong>Email of Responsible Person: <\/strong><a href=\"mailto:rprp@emd-batimo.ca\"><strong>rprp@emd-batimo.ca<\/strong><\/a><\/p><p><strong>Phone:<\/strong> 450-419-4905<\/p><p><strong>Address:<\/strong> 6485, Doris-Lussier Street #400, Boisbriand, Quebec, J7H 0E8<\/p><h2><strong>DISCLOSURE AND COMMUNICATION OF PERSONAL INFORMATION<\/strong><\/h2><p>EMD-BATIMO will not exchange, rent, or sell your personal information to a third party unless indicated and with your consent.<\/p><p>In cases where EMD-BATIMO transfers personal information to one or more third parties for processing on behalf of EMD-BATIMO, a contract with appropriate confidentiality protection terms will be concluded before the information is transferred. The contract terms must stipulate that the third party may not use the personal information for its own purposes, will ensure the security of the personal information, and will process this information according to EMD-BATIMO&#8217;s directives, in compliance with the purposes described in the previous sections, &#8220;COLLECTION AND USE OF PERSONAL INFORMATION.&#8221; Personal information is accessible to service providers, company employees, Google Analytics, and potentially to third parties who collect or share data through links or connections on the website.<\/p><p>The website may contain links to other third-party websites and applications. The company has no control over these sites and is not responsible for their privacy policies. Users are encouraged to read the privacy notices of all visited websites.<\/p><h2><strong>DATA AND PERSONAL INFORMATION PROTECTION<\/strong><\/h2><p>Security measures include SSL protocol, access management, network monitoring software, computer backups, identifiers\/passwords, and firewalls. Company employees are also required to respect the confidentiality of information, and the company is committed to integrating the latest technological innovations to ensure transaction confidentiality.<\/p><p>Users have the right to refuse to receive promotional material and can exercise this right by contacting the company. They can also unsubscribe from promotional emails at any time. The company retains contact information on the promotion list until the user withdraws, after which they are added to an exclusion list.<\/p><h2><strong>EMAIL<\/strong><\/h2><p>EMD-BATIMO also complies with the Canadian Anti-Spam Law. To this end, we commit to ensuring that individuals who subscribe to our newsletters do not receive unsolicited electronic messages.<\/p><h2><strong>OTHER PERSONAL INFORMATION<\/strong><\/h2><p>For any questions, concerns, or complaints about our website terms of use or privacy policy, you can write to us at <a href=\"mailto:rprp@emd-batimo.ca\">rprp@emd-batimo.ca<\/a><\/p>\t\t\t\t\t\t<\/div>\n\t\t\t\t<\/div>\n\t\t\t\t\t<\/div>\n\t\t<\/div>\n\t\t\t\t\t<\/div>\n\t\t<\/section>\n\t\t\t\t<\/div>\n\t\t","protected":false},"excerpt":{"rendered":"<p>WEBSITE TERMS OF USE AND PRIVACY POLICY Access to and use of this website are subject to all laws and regulations in force in Quebec. Unless otherwise indicated, the products, activities and services described on this site are only offered in the province of Quebec, unless otherwise indicated. WEBSITE USE Your use of this website [&hellip;]<\/p>\n","protected":false},"author":8,"featured_media":384,"parent":0,"menu_order":1,"comment_status":"closed","ping_status":"closed","template":"","meta":{"footnotes":""},"class_list":["post-473","page","type-page","status-publish","has-post-thumbnail","hentry"],"acf":[],"yoast_head":"<!-- This site is optimized with the Yoast SEO plugin v21.9.1 - https:\/\/yoast.com\/wordpress\/plugins\/seo\/ -->\n<title>Bureaux \u00e0 louer dans un quartier bien situ\u00e9 | District 23<\/title>\n<meta name=\"description\" content=\"Situ\u00e9 au carrefour des autoroutes 13, 15 et 640, le complexe District 23 propose un environnement d\u2019affaires o\u00f9 tout est \u00e0 proximit\u00e9.\" \/>\n<meta name=\"robots\" content=\"index, follow, max-snippet:-1, max-image-preview:large, max-video-preview:-1\" \/>\n<link rel=\"canonical\" href=\"https:\/\/district23.ca\/en\/privacy-policy\/\" \/>\n<meta property=\"og:locale\" content=\"en_US\" \/>\n<meta property=\"og:type\" content=\"article\" \/>\n<meta property=\"og:title\" content=\"Bureaux \u00e0 louer dans un quartier bien situ\u00e9 | District 23\" \/>\n<meta property=\"og:description\" content=\"Situ\u00e9 au carrefour des autoroutes 13, 15 et 640, le complexe District 23 propose un environnement d\u2019affaires o\u00f9 tout est \u00e0 proximit\u00e9.\" \/>\n<meta property=\"og:url\" content=\"https:\/\/district23.ca\/en\/privacy-policy\/\" \/>\n<meta property=\"og:site_name\" content=\"District 23 | Complexe d&#039;affaires\" \/>\n<meta property=\"article:modified_time\" content=\"2024-03-22T18:39:04+00:00\" \/>\n<meta property=\"og:image\" content=\"https:\/\/district23.ca\/wp-content\/uploads\/2022\/08\/header-quartier.jpg\" \/>\n\t<meta property=\"og:image:width\" content=\"1912\" \/>\n\t<meta property=\"og:image:height\" content=\"563\" \/>\n\t<meta property=\"og:image:type\" content=\"image\/jpeg\" \/>\n<meta name=\"twitter:card\" content=\"summary_large_image\" \/>\n<meta name=\"twitter:title\" content=\"Bureaux \u00e0 louer dans un quartier bien situ\u00e9 | District 23\" \/>\n<meta name=\"twitter:description\" content=\"Situ\u00e9 au carrefour des autoroutes 13, 15 et 640, le complexe District 23 propose un environnement d\u2019affaires o\u00f9 tout est \u00e0 proximit\u00e9.\" \/>\n<meta name=\"twitter:label1\" content=\"Est. reading time\" \/>\n\t<meta name=\"twitter:data1\" content=\"4 minutes\" \/>\n<script type=\"application\/ld+json\" class=\"yoast-schema-graph\">{\"@context\":\"https:\/\/schema.org\",\"@graph\":[{\"@type\":\"WebPage\",\"@id\":\"https:\/\/district23.ca\/en\/privacy-policy\/\",\"url\":\"https:\/\/district23.ca\/en\/privacy-policy\/\",\"name\":\"Bureaux \u00e0 louer dans un quartier bien situ\u00e9 | District 23\",\"isPartOf\":{\"@id\":\"https:\/\/district23.ca\/#website\"},\"datePublished\":\"2024-03-22T18:29:07+00:00\",\"dateModified\":\"2024-03-22T18:39:04+00:00\",\"description\":\"Situ\u00e9 au carrefour des autoroutes 13, 15 et 640, le complexe District 23 propose un environnement d\u2019affaires o\u00f9 tout est \u00e0 proximit\u00e9.\",\"breadcrumb\":{\"@id\":\"https:\/\/district23.ca\/en\/privacy-policy\/#breadcrumb\"},\"inLanguage\":\"en-US\",\"potentialAction\":[{\"@type\":\"ReadAction\",\"target\":[\"https:\/\/district23.ca\/en\/privacy-policy\/\"]}]},{\"@type\":\"BreadcrumbList\",\"@id\":\"https:\/\/district23.ca\/en\/privacy-policy\/#breadcrumb\",\"itemListElement\":[{\"@type\":\"ListItem\",\"position\":1,\"name\":\"Home\",\"item\":\"https:\/\/district23.ca\/\"},{\"@type\":\"ListItem\",\"position\":2,\"name\":\"Privacy Policy\"}]},{\"@type\":\"WebSite\",\"@id\":\"https:\/\/district23.ca\/#website\",\"url\":\"https:\/\/district23.ca\/\",\"name\":\"District 23 | Complexe d&#039;affaires\",\"description\":\"Espaces de bureaux \u00e0 louer au c\u0153ur de Boisbriand\",\"publisher\":{\"@id\":\"https:\/\/district23.ca\/#organization\"},\"potentialAction\":[{\"@type\":\"SearchAction\",\"target\":{\"@type\":\"EntryPoint\",\"urlTemplate\":\"https:\/\/district23.ca\/?s={search_term_string}\"},\"query-input\":\"required name=search_term_string\"}],\"inLanguage\":\"en-US\"},{\"@type\":\"Organization\",\"@id\":\"https:\/\/district23.ca\/#organization\",\"name\":\"District 23 | Complexe d&#039;affaires\",\"url\":\"https:\/\/district23.ca\/\",\"logo\":{\"@type\":\"ImageObject\",\"inLanguage\":\"en-US\",\"@id\":\"https:\/\/district23.ca\/#\/schema\/logo\/image\/\",\"url\":\"https:\/\/district23.ca\/wp-content\/uploads\/2022\/07\/dstrict_logo-1.png\",\"contentUrl\":\"https:\/\/district23.ca\/wp-content\/uploads\/2022\/07\/dstrict_logo-1.png\",\"width\":275,\"height\":84,\"caption\":\"District 23 | Complexe d&#039;affaires\"},\"image\":{\"@id\":\"https:\/\/district23.ca\/#\/schema\/logo\/image\/\"}}]}<\/script>\n<!-- \/ Yoast SEO plugin. -->","yoast_head_json":{"title":"Bureaux \u00e0 louer dans un quartier bien situ\u00e9 | District 23","description":"Situ\u00e9 au carrefour des autoroutes 13, 15 et 640, le complexe District 23 propose un environnement d\u2019affaires o\u00f9 tout est \u00e0 proximit\u00e9.","robots":{"index":"index","follow":"follow","max-snippet":"max-snippet:-1","max-image-preview":"max-image-preview:large","max-video-preview":"max-video-preview:-1"},"canonical":"https:\/\/district23.ca\/en\/privacy-policy\/","og_locale":"en_US","og_type":"article","og_title":"Bureaux \u00e0 louer dans un quartier bien situ\u00e9 | District 23","og_description":"Situ\u00e9 au carrefour des autoroutes 13, 15 et 640, le complexe District 23 propose un environnement d\u2019affaires o\u00f9 tout est \u00e0 proximit\u00e9.","og_url":"https:\/\/district23.ca\/en\/privacy-policy\/","og_site_name":"District 23 | Complexe d&#039;affaires","article_modified_time":"2024-03-22T18:39:04+00:00","og_image":[{"width":1912,"height":563,"url":"https:\/\/district23.ca\/wp-content\/uploads\/2022\/08\/header-quartier.jpg","type":"image\/jpeg"}],"twitter_card":"summary_large_image","twitter_title":"Bureaux \u00e0 louer dans un quartier bien situ\u00e9 | District 23","twitter_description":"Situ\u00e9 au carrefour des autoroutes 13, 15 et 640, le complexe District 23 propose un environnement d\u2019affaires o\u00f9 tout est \u00e0 proximit\u00e9.","twitter_misc":{"Est. reading time":"4 minutes"},"schema":{"@context":"https:\/\/schema.org","@graph":[{"@type":"WebPage","@id":"https:\/\/district23.ca\/en\/privacy-policy\/","url":"https:\/\/district23.ca\/en\/privacy-policy\/","name":"Bureaux \u00e0 louer dans un quartier bien situ\u00e9 | District 23","isPartOf":{"@id":"https:\/\/district23.ca\/#website"},"datePublished":"2024-03-22T18:29:07+00:00","dateModified":"2024-03-22T18:39:04+00:00","description":"Situ\u00e9 au carrefour des autoroutes 13, 15 et 640, le complexe District 23 propose un environnement d\u2019affaires o\u00f9 tout est \u00e0 proximit\u00e9.","breadcrumb":{"@id":"https:\/\/district23.ca\/en\/privacy-policy\/#breadcrumb"},"inLanguage":"en-US","potentialAction":[{"@type":"ReadAction","target":["https:\/\/district23.ca\/en\/privacy-policy\/"]}]},{"@type":"BreadcrumbList","@id":"https:\/\/district23.ca\/en\/privacy-policy\/#breadcrumb","itemListElement":[{"@type":"ListItem","position":1,"name":"Home","item":"https:\/\/district23.ca\/"},{"@type":"ListItem","position":2,"name":"Privacy Policy"}]},{"@type":"WebSite","@id":"https:\/\/district23.ca\/#website","url":"https:\/\/district23.ca\/","name":"District 23 | Complexe d&#039;affaires","description":"Espaces de bureaux \u00e0 louer au c\u0153ur de Boisbriand","publisher":{"@id":"https:\/\/district23.ca\/#organization"},"potentialAction":[{"@type":"SearchAction","target":{"@type":"EntryPoint","urlTemplate":"https:\/\/district23.ca\/?s={search_term_string}"},"query-input":"required name=search_term_string"}],"inLanguage":"en-US"},{"@type":"Organization","@id":"https:\/\/district23.ca\/#organization","name":"District 23 | Complexe d&#039;affaires","url":"https:\/\/district23.ca\/","logo":{"@type":"ImageObject","inLanguage":"en-US","@id":"https:\/\/district23.ca\/#\/schema\/logo\/image\/","url":"https:\/\/district23.ca\/wp-content\/uploads\/2022\/07\/dstrict_logo-1.png","contentUrl":"https:\/\/district23.ca\/wp-content\/uploads\/2022\/07\/dstrict_logo-1.png","width":275,"height":84,"caption":"District 23 | Complexe d&#039;affaires"},"image":{"@id":"https:\/\/district23.ca\/#\/schema\/logo\/image\/"}}]}},"_links":{"self":[{"href":"https:\/\/district23.ca\/en\/wp-json\/wp\/v2\/pages\/473","targetHints":{"allow":["GET"]}}],"collection":[{"href":"https:\/\/district23.ca\/en\/wp-json\/wp\/v2\/pages"}],"about":[{"href":"https:\/\/district23.ca\/en\/wp-json\/wp\/v2\/types\/page"}],"author":[{"embeddable":true,"href":"https:\/\/district23.ca\/en\/wp-json\/wp\/v2\/users\/8"}],"replies":[{"embeddable":true,"href":"https:\/\/district23.ca\/en\/wp-json\/wp\/v2\/comments?post=473"}],"version-history":[{"count":0,"href":"https:\/\/district23.ca\/en\/wp-json\/wp\/v2\/pages\/473\/revisions"}],"wp:featuredmedia":[{"embeddable":true,"href":"https:\/\/district23.ca\/en\/wp-json\/wp\/v2\/media\/384"}],"wp:attachment":[{"href":"https:\/\/district23.ca\/en\/wp-json\/wp\/v2\/media?parent=473"}],"curies":[{"name":"wp","href":"https:\/\/api.w.org\/{rel}","templated":true}]}}